{"id":21,"date":"2019-12-03T09:17:33","date_gmt":"2019-12-03T08:17:33","guid":{"rendered":"https:\/\/ws-technica.netros.ch\/?page_id=21"},"modified":"2020-02-14T16:00:59","modified_gmt":"2020-02-14T15:00:59","slug":"hinweise","status":"publish","type":"page","link":"https:\/\/technica.ch\/en\/hinweise\/","title":{"rendered":"Legal Notes"},"content":{"rendered":"<p>Die Urheber- und alle anderen Rechte an Inhalten, Bildern, Fotos oder anderen Dateien auf der Website geh\u00f6ren ausschliesslich der Firma ws technica technology gmbh oder den speziell genannten Rechtsinhabern. F\u00fcr die Reproduktion jeglicher Elemente ist die schriftliche Zustimmung der Urheberrechtstr\u00e4ger im Voraus einzuholen. Das Design, die Funktionalit\u00e4t, die Programmierung und die Struktur der Webseite ist gesch\u00fctzt. Die Verwendung von Texten, Grafiken und Bildmaterial bed\u00fcrfen der vorherigen schriftlichen Zustimmung. Nachahmungen, welcher Art auch immer, sind unzul\u00e4ssig.<\/p>\n<p>Personen, welche die auf der ws technica technology gmbh-Website ver\u00f6ffentlichten Informationen abrufen, erkl\u00e4ren sich mit den nachstehenden Bedingungen einverstanden und verpflichten sich, die Richtlinien zu befolgen. F\u00fcr jede Nutzung gelten die Bestimmungen des Urheberrechtsgesetzes.<\/p>\n<div class=\"pt-cv-wrapper\"><div class=\"pt-cv-view pt-cv-grid pt-cv-colsys\" id=\"pt-cv-view-73da506xgu\"><div data-id=\"pt-cv-page-1\" class=\"pt-cv-page\" data-cvc=\"3\"><div class=\"col-md-4 col-sm-6 col-xs-12 pt-cv-content-item pt-cv-1-col\" ><div class='pt-cv-ifield'><a href=\"https:\/\/technica.ch\/en\/datenschutz\/\" class=\"_self pt-cv-href-thumbnail pt-cv-thumb-default\" target=\"_self\" ><img loading=\"lazy\" decoding=\"async\" width=\"1536\" height=\"922\" src=\"https:\/\/technica.ch\/wp-content\/uploads\/2019\/12\/ws_technica_header_datenschutz-1536x922.jpg\" class=\"pt-cv-thumbnail\" alt=\"\" srcset=\"https:\/\/technica.ch\/wp-content\/uploads\/2019\/12\/ws_technica_header_datenschutz-1536x922.jpg 1536w, https:\/\/technica.ch\/wp-content\/uploads\/2019\/12\/ws_technica_header_datenschutz-300x180.jpg 300w, https:\/\/technica.ch\/wp-content\/uploads\/2019\/12\/ws_technica_header_datenschutz-1024x614.jpg 1024w, https:\/\/technica.ch\/wp-content\/uploads\/2019\/12\/ws_technica_header_datenschutz-768x461.jpg 768w, https:\/\/technica.ch\/wp-content\/uploads\/2019\/12\/ws_technica_header_datenschutz-600x360.jpg 600w, https:\/\/technica.ch\/wp-content\/uploads\/2019\/12\/ws_technica_header_datenschutz-1033x620.jpg 1033w, https:\/\/technica.ch\/wp-content\/uploads\/2019\/12\/ws_technica_header_datenschutz.jpg 2000w\" sizes=\"auto, (max-width: 1536px) 100vw, 1536px\" \/><\/a>\n<h4 class=\"pt-cv-title\"><a href=\"https:\/\/technica.ch\/en\/datenschutz\/\" class=\"_self\" target=\"_self\" >Privacy<\/a><\/h4>\n<div class=\"pt-cv-content\">We use cookies on our website to make your visit more efficient and user-friendly. Cookies are small text files that ...<br \/><a href=\"https:\/\/technica.ch\/en\/datenschutz\/\" class=\"_self pt-cv-readmore btn btn-success\" target=\"_self\"><span style=\"font-size:30px\"><i class=\"fa fa-search\" aria-hidden=\"true\"><\/i><\/span><\/a><\/div><\/div><\/div>\n<div class=\"col-md-4 col-sm-6 col-xs-12 pt-cv-content-item pt-cv-1-col\" ><div class='pt-cv-ifield'><a href=\"https:\/\/technica.ch\/en\/copyright-impressum\/\" class=\"_self pt-cv-href-thumbnail pt-cv-thumb-default\" target=\"_self\" ><img loading=\"lazy\" decoding=\"async\" width=\"1536\" height=\"922\" src=\"https:\/\/technica.ch\/wp-content\/uploads\/2019\/12\/ws_technica_header_copyright-1536x922.jpg\" class=\"pt-cv-thumbnail\" alt=\"\" srcset=\"https:\/\/technica.ch\/wp-content\/uploads\/2019\/12\/ws_technica_header_copyright-1536x922.jpg 1536w, https:\/\/technica.ch\/wp-content\/uploads\/2019\/12\/ws_technica_header_copyright-300x180.jpg 300w, https:\/\/technica.ch\/wp-content\/uploads\/2019\/12\/ws_technica_header_copyright-1024x614.jpg 1024w, https:\/\/technica.ch\/wp-content\/uploads\/2019\/12\/ws_technica_header_copyright-768x461.jpg 768w, https:\/\/technica.ch\/wp-content\/uploads\/2019\/12\/ws_technica_header_copyright-600x360.jpg 600w, https:\/\/technica.ch\/wp-content\/uploads\/2019\/12\/ws_technica_header_copyright-1033x620.jpg 1033w, https:\/\/technica.ch\/wp-content\/uploads\/2019\/12\/ws_technica_header_copyright.jpg 2000w\" sizes=\"auto, (max-width: 1536px) 100vw, 1536px\" \/><\/a>\n<h4 class=\"pt-cv-title\"><a href=\"https:\/\/technica.ch\/en\/copyright-impressum\/\" class=\"_self\" target=\"_self\" >Copyright \/ Contact Details<\/a><\/h4>\n<div class=\"pt-cv-content\">technica technology gmbh strives to comply with third-party copyrights at all times. Any reproduction, editing, distribution and any type of ...<br \/><a href=\"https:\/\/technica.ch\/en\/copyright-impressum\/\" class=\"_self pt-cv-readmore btn btn-success\" target=\"_self\"><span style=\"font-size:30px\"><i class=\"fa fa-search\" aria-hidden=\"true\"><\/i><\/span><\/a><\/div><\/div><\/div>\n<div class=\"col-md-4 col-sm-6 col-xs-12 pt-cv-content-item pt-cv-1-col\" ><div class='pt-cv-ifield'><a href=\"https:\/\/technica.ch\/en\/bedingungen\/\" class=\"_self pt-cv-href-thumbnail pt-cv-thumb-default\" target=\"_self\" ><img loading=\"lazy\" decoding=\"async\" width=\"1536\" height=\"922\" src=\"https:\/\/technica.ch\/wp-content\/uploads\/2019\/12\/ws_technica_header_nutzungsbedingungen-1536x922.jpg\" class=\"pt-cv-thumbnail\" alt=\"\" srcset=\"https:\/\/technica.ch\/wp-content\/uploads\/2019\/12\/ws_technica_header_nutzungsbedingungen-1536x922.jpg 1536w, https:\/\/technica.ch\/wp-content\/uploads\/2019\/12\/ws_technica_header_nutzungsbedingungen-300x180.jpg 300w, https:\/\/technica.ch\/wp-content\/uploads\/2019\/12\/ws_technica_header_nutzungsbedingungen-1024x614.jpg 1024w, https:\/\/technica.ch\/wp-content\/uploads\/2019\/12\/ws_technica_header_nutzungsbedingungen-768x461.jpg 768w, https:\/\/technica.ch\/wp-content\/uploads\/2019\/12\/ws_technica_header_nutzungsbedingungen-600x360.jpg 600w, https:\/\/technica.ch\/wp-content\/uploads\/2019\/12\/ws_technica_header_nutzungsbedingungen-1033x620.jpg 1033w, https:\/\/technica.ch\/wp-content\/uploads\/2019\/12\/ws_technica_header_nutzungsbedingungen.jpg 2000w\" sizes=\"auto, (max-width: 1536px) 100vw, 1536px\" \/><\/a>\n<h4 class=\"pt-cv-title\"><a href=\"https:\/\/technica.ch\/en\/bedingungen\/\" class=\"_self\" target=\"_self\" >Conditions<\/a><\/h4>\n<div class=\"pt-cv-content\">While technica technology gmbh invests a lot of time and takes great care to ensure that information is accurate at ...<br \/><a href=\"https:\/\/technica.ch\/en\/bedingungen\/\" class=\"_self pt-cv-readmore btn btn-success\" target=\"_self\"><span style=\"font-size:30px\"><i class=\"fa fa-search\" aria-hidden=\"true\"><\/i><\/span><\/a><\/div><\/div><\/div><\/div><\/div><\/div>\n","protected":false},"excerpt":{"rendered":"<p>Die Urheber- und alle anderen Rechte an Inhalten, Bildern, Fotos oder anderen Dateien auf der Website geh\u00f6ren ausschliesslich der Firma ws technica technology gmbh oder den speziell genannten Rechtsinhabern. F\u00fcr die Reproduktion jeglicher Elemente ist die schriftliche Zustimmung der Urheberrechtstr\u00e4ger im Voraus einzuholen. Das Design, die Funktionalit\u00e4t, die Programmierung und die Struktur der Webseite ist gesch\u00fctzt. Die Verwendung von Texten, Grafiken und Bildmaterial bed\u00fcrfen der vorherigen schriftlichen Zustimmung. Nachahmungen, welcher Art auch immer, sind unzul\u00e4ssig. Personen, welche die auf der ws technica technology gmbh-Website ver\u00f6ffentlichten Informationen abrufen, erkl\u00e4ren sich mit den nachstehenden Bedingungen einverstanden und verpflichten sich, die Richtlinien zu befolgen. F\u00fcr jede Nutzung gelten die Bestimmungen des Urheberrechtsgesetzes.<\/p>\n","protected":false},"author":1,"featured_media":0,"parent":0,"menu_order":8,"comment_status":"closed","ping_status":"closed","template":"","meta":{"footnotes":"","_links_to":"","_links_to_target":""},"class_list":["post-21","page","type-page","status-publish","hentry"],"aioseo_notices":[],"publishpress_future_action":{"enabled":false,"date":"2026-05-10 18:29:58","action":"change-status","newStatus":"draft","terms":[],"taxonomy":"","extraData":[]},"publishpress_future_workflow_manual_trigger":{"enabledWorkflows":[]},"_links":{"self":[{"href":"https:\/\/technica.ch\/en\/wp-json\/wp\/v2\/pages\/21","targetHints":{"allow":["GET"]}}],"collection":[{"href":"https:\/\/technica.ch\/en\/wp-json\/wp\/v2\/pages"}],"about":[{"href":"https:\/\/technica.ch\/en\/wp-json\/wp\/v2\/types\/page"}],"author":[{"embeddable":true,"href":"https:\/\/technica.ch\/en\/wp-json\/wp\/v2\/users\/1"}],"replies":[{"embeddable":true,"href":"https:\/\/technica.ch\/en\/wp-json\/wp\/v2\/comments?post=21"}],"version-history":[{"count":0,"href":"https:\/\/technica.ch\/en\/wp-json\/wp\/v2\/pages\/21\/revisions"}],"wp:attachment":[{"href":"https:\/\/technica.ch\/en\/wp-json\/wp\/v2\/media?parent=21"}],"curies":[{"name":"wp","href":"https:\/\/api.w.org\/{rel}","templated":true}]}}